{"id":609,"date":"2020-02-22T16:12:56","date_gmt":"2020-02-22T21:12:56","guid":{"rendered":"https:\/\/www.almacenflotablanca.com\/web\/?post_type=product&#038;p=609"},"modified":"2026-04-15T16:10:46","modified_gmt":"2026-04-15T21:10:46","slug":"bicicleta-rin-16-gw-txt650-moto-x650-azul-con-negro","status":"publish","type":"product","link":"https:\/\/www.almacenflotablanca.com\/web\/producto\/bicicleta-rin-16-gw-txt650-moto-x650-azul-con-negro\/","title":{"rendered":"Bicicleta Rin 16 Txt650 Moto Gw Azul"},"content":{"rendered":"<p>Bicicleta Rin 16 Txt650 Moto Gw Azul, est\u00e1 hecha para ni\u00f1os de las edades de: 4 A\u00d1OS A 8 a\u00f1os, su material: Acero,\u00a0freno V-BRAKE. Dise\u00f1ada especialmente para la diversi\u00f3n de los ni\u00f1os, incluye cubrecadena, Guardafangos, protector de marco con dise\u00f1o especial para la diversi\u00f3n y el juego a la hora de montar, contiene unas ruedas auxiliares, esta es ideal para los ni\u00f1os que est\u00e1n comenzando a montar bicicleta puedan tener un mejor equilibrio que les permita adaptarse al movimiento sin temor de un tropiezo, ya que les permite estabilidad, agilidad y rendimiento a la hora de subir en la bicicleta, cumple los requisitos a la hora de divertirse, sus componentes son de buen funcionamiento, hechos en el mejor material resistente al impacto.<\/p>\n","protected":false},"excerpt":{"rendered":"<p>&#8211; Freno V-brake<br \/>\n&#8211; Edad de Uso; desde los 4 a\u00f1os hasta 6 a\u00f1os<br \/>\n&#8211; Cubre Cadena, guardafangos<br \/>\n&#8211; Incluye Ruedas Auxiliares<br \/>\n&#8211; Color: azul<\/p>\n","protected":false},"featured_media":234646,"template":"","meta":{"_et_pb_use_builder":"","_et_pb_old_content":"","_et_gb_content_width":""},"product_brand":[],"product_cat":[64],"product_tag":[],"class_list":{"0":"post-609","1":"product","2":"type-product","3":"status-publish","4":"has-post-thumbnail","6":"product_cat-bicicletas-infantiles","8":"first","9":"outofstock","10":"taxable","11":"shipping-taxable","12":"purchasable","13":"product-type-simple"},"_links":{"self":[{"href":"https:\/\/www.almacenflotablanca.com\/web\/wp-json\/wp\/v2\/product\/609","targetHints":{"allow":["GET"]}}],"collection":[{"href":"https:\/\/www.almacenflotablanca.com\/web\/wp-json\/wp\/v2\/product"}],"about":[{"href":"https:\/\/www.almacenflotablanca.com\/web\/wp-json\/wp\/v2\/types\/product"}],"wp:featuredmedia":[{"embeddable":true,"href":"https:\/\/www.almacenflotablanca.com\/web\/wp-json\/wp\/v2\/media\/234646"}],"wp:attachment":[{"href":"https:\/\/www.almacenflotablanca.com\/web\/wp-json\/wp\/v2\/media?parent=609"}],"wp:term":[{"taxonomy":"product_brand","embeddable":true,"href":"https:\/\/www.almacenflotablanca.com\/web\/wp-json\/wp\/v2\/product_brand?post=609"},{"taxonomy":"product_cat","embeddable":true,"href":"https:\/\/www.almacenflotablanca.com\/web\/wp-json\/wp\/v2\/product_cat?post=609"},{"taxonomy":"product_tag","embeddable":true,"href":"https:\/\/www.almacenflotablanca.com\/web\/wp-json\/wp\/v2\/product_tag?post=609"}],"curies":[{"name":"wp","href":"https:\/\/api.w.org\/{rel}","templated":true}]}}