{"id":630,"date":"2020-02-24T18:33:03","date_gmt":"2020-02-24T23:33:03","guid":{"rendered":"https:\/\/www.almacenflotablanca.com\/web\/?post_type=product&#038;p=630"},"modified":"2026-04-15T16:10:47","modified_gmt":"2026-04-15T21:10:47","slug":"bicicleta-rin-12-nina-gw-a01-candy-multicolor","status":"publish","type":"product","link":"https:\/\/www.almacenflotablanca.com\/web\/producto\/bicicleta-rin-12-nina-gw-a01-candy-multicolor\/","title":{"rendered":"Bicicleta Rin 12 Ni\u00f1a Candy Gw"},"content":{"rendered":"<p>Bicicleta Rin 12 Ni\u00f1a Candy Gw, es completamente resistente gracias a su material en acero, tambi\u00e9n maneja ruedas auxiliares para aquellos que est\u00e1n en el proceso de aprendizaje, tu ni\u00f1a podr\u00e1 llevar todos sus objetos en la canasta y una parrilla en la parte trasera, ser\u00e1 perfecta para que la luzcas en las calles de la ciudad. Adem\u00e1s, nuestras bicicletas proporcionan la resistencia que siempre has buscado en una bici, permiti\u00e9ndote recorrer cortas o largas distancias, As\u00ed que aprovecha esta oportunidad y ll\u00e9vate esta excelente bicicleta fabricada y ensamblada especialmente para ti. Nuestras bicicletas cuentan con componentes de excelente calidad, los cuales te brindaran la confianza y seguridad que necesitas.<\/p>\n","protected":false},"excerpt":{"rendered":"<p>&#8211; Material en acero<br \/>\n&#8211; Canasta pr\u00e1ctica<br \/>\n&#8211; Silla c\u00f3moda<br \/>\n&#8211; Edad apropiada desde los 2 a\u00f1os hasta los 4 a\u00f1os<br \/>\n&#8211; Colores: Azul, Morado, Fucsia, Violeta<\/p>\n","protected":false},"featured_media":233428,"template":"","meta":{"_et_pb_use_builder":"","_et_pb_old_content":"","_et_gb_content_width":""},"product_brand":[],"product_cat":[64],"product_tag":[],"class_list":{"0":"post-630","1":"product","2":"type-product","3":"status-publish","4":"has-post-thumbnail","6":"product_cat-bicicletas-infantiles","8":"first","9":"outofstock","10":"taxable","11":"shipping-taxable","12":"purchasable","13":"product-type-simple"},"_links":{"self":[{"href":"https:\/\/www.almacenflotablanca.com\/web\/wp-json\/wp\/v2\/product\/630","targetHints":{"allow":["GET"]}}],"collection":[{"href":"https:\/\/www.almacenflotablanca.com\/web\/wp-json\/wp\/v2\/product"}],"about":[{"href":"https:\/\/www.almacenflotablanca.com\/web\/wp-json\/wp\/v2\/types\/product"}],"wp:featuredmedia":[{"embeddable":true,"href":"https:\/\/www.almacenflotablanca.com\/web\/wp-json\/wp\/v2\/media\/233428"}],"wp:attachment":[{"href":"https:\/\/www.almacenflotablanca.com\/web\/wp-json\/wp\/v2\/media?parent=630"}],"wp:term":[{"taxonomy":"product_brand","embeddable":true,"href":"https:\/\/www.almacenflotablanca.com\/web\/wp-json\/wp\/v2\/product_brand?post=630"},{"taxonomy":"product_cat","embeddable":true,"href":"https:\/\/www.almacenflotablanca.com\/web\/wp-json\/wp\/v2\/product_cat?post=630"},{"taxonomy":"product_tag","embeddable":true,"href":"https:\/\/www.almacenflotablanca.com\/web\/wp-json\/wp\/v2\/product_tag?post=630"}],"curies":[{"name":"wp","href":"https:\/\/api.w.org\/{rel}","templated":true}]}}